{"id":12,"date":"2023-09-08T23:39:01","date_gmt":"2023-09-08T21:39:01","guid":{"rendered":"https:\/\/jbcd.dbsrc.fr\/?page_id=12"},"modified":"2023-09-08T23:39:01","modified_gmt":"2023-09-08T21:39:01","slug":"contact","status":"publish","type":"page","link":"https:\/\/jbcd.dbsrc.fr\/index.php\/contact\/","title":{"rendered":"Contact"},"content":{"rendered":"\n<p>C\u2019est une page avec des informations de contact de base, comme l\u2019adresse et le num\u00e9ro de t\u00e9l\u00e9phone. Vous pouvez aussi essayer une extension pour ajouter un formulaire de contact.<\/p>\n","protected":false},"excerpt":{"rendered":"<p>C\u2019est une page avec des informations de contact de base, comme l\u2019adresse et le num\u00e9ro de t\u00e9l\u00e9phone. Vous pouvez aussi essayer une extension pour ajouter un formulaire de contact.<\/p>\n","protected":false},"author":1,"featured_media":0,"parent":0,"menu_order":0,"comment_status":"closed","ping_status":"closed","template":"page-templates\/contact.php","meta":{"footnotes":""},"_links":{"self":[{"href":"https:\/\/jbcd.dbsrc.fr\/index.php\/wp-json\/wp\/v2\/pages\/12"}],"collection":[{"href":"https:\/\/jbcd.dbsrc.fr\/index.php\/wp-json\/wp\/v2\/pages"}],"about":[{"href":"https:\/\/jbcd.dbsrc.fr\/index.php\/wp-json\/wp\/v2\/types\/page"}],"author":[{"embeddable":true,"href":"https:\/\/jbcd.dbsrc.fr\/index.php\/wp-json\/wp\/v2\/users\/1"}],"replies":[{"embeddable":true,"href":"https:\/\/jbcd.dbsrc.fr\/index.php\/wp-json\/wp\/v2\/comments?post=12"}],"version-history":[{"count":1,"href":"https:\/\/jbcd.dbsrc.fr\/index.php\/wp-json\/wp\/v2\/pages\/12\/revisions"}],"predecessor-version":[{"id":17,"href":"https:\/\/jbcd.dbsrc.fr\/index.php\/wp-json\/wp\/v2\/pages\/12\/revisions\/17"}],"wp:attachment":[{"href":"https:\/\/jbcd.dbsrc.fr\/index.php\/wp-json\/wp\/v2\/media?parent=12"}],"curies":[{"name":"wp","href":"https:\/\/api.w.org\/{rel}","templated":true}]}}